{"id":1366,"date":"2017-08-10T22:20:31","date_gmt":"2017-08-10T20:20:31","guid":{"rendered":"http:\/\/www.brainwell-projects.de\/?page_id=1366"},"modified":"2021-02-21T14:13:50","modified_gmt":"2021-02-21T13:13:50","slug":"mezzema","status":"publish","type":"page","link":"http:\/\/www.brain-well-rs.de\/index.php\/mezzema\/","title":{"rendered":"Mezzema"},"content":{"rendered":"<p><div class=\"fusion-fullwidth fullwidth-box fusion-builder-row-1 nonhundred-percent-fullwidth non-hundred-percent-height-scrolling\" style=\"background-color: rgba(255,255,255,0);background-position: center center;background-repeat: no-repeat;padding-top:0px;padding-right:0px;padding-bottom:0px;padding-left:0px;margin-bottom: 0px;margin-top: 0px;border-width: 0px 0px 0px 0px;border-color:#eae9e9;border-style:solid;\" ><div class=\"fusion-builder-row fusion-row\"><div class=\"fusion-layout-column fusion_builder_column fusion-builder-column-0 fusion_builder_column_1_1 1_1 fusion-one-full fusion-column-first fusion-column-last\" style=\"margin-top:0px;margin-bottom:20px;\"><div class=\"fusion-column-wrapper fusion-flex-column-wrapper-legacy\" style=\"background-position:left top;background-repeat:no-repeat;-webkit-background-size:cover;-moz-background-size:cover;-o-background-size:cover;background-size:cover;padding: 0px 0px 0px 0px;\"><style type=\"text\/css\"><\/style><div class=\"fusion-title title fusion-title-1 fusion-sep-none fusion-title-center fusion-title-text fusion-title-size-three\" style=\"margin-top:0px;margin-bottom:31px;\"><h3 class=\"title-heading-center\" style=\"margin:0;color:#76c120;\"><p style=\"text-align: center;\">Projekt Abgeschlossen und Verkauft<\/p><\/h3><\/div><div class=\"fusion-clearfix\"><\/div><\/div><\/div><div class=\"fusion-layout-column fusion_builder_column fusion-builder-column-1 fusion_builder_column_1_1 1_1 fusion-one-full fusion-column-first fusion-column-last\" style=\"margin-top:0px;margin-bottom:20px;\"><div class=\"fusion-column-wrapper fusion-flex-column-wrapper-legacy\" style=\"background-position:left top;background-repeat:no-repeat;-webkit-background-size:cover;-moz-background-size:cover;-o-background-size:cover;background-size:cover;padding: 0px 0px 0px 0px;\"><style type=\"text\/css\"><\/style><div class=\"fusion-title title fusion-title-2 fusion-sep-none fusion-title-center fusion-title-text fusion-title-size-three\" style=\"margin-top:0px;margin-bottom:31px;\"><h3 class=\"title-heading-center\" style=\"margin:0;\">Mezzema \/ Pieve Tremosine<\/h3><\/div><style type='text\/css'>.reading-box-container-1 .element-bottomshadow:before,.reading-box-container-1 .element-bottomshadow:after{opacity:0.7;}<\/style><div class=\"fusion-reading-box-container reading-box-container-1\" style=\"margin-top:0px;margin-bottom:84px;\"><div class=\"reading-box reading-box-center\" style=\"background-color:#f6f6f6;border-width:1px;border-color:#f6f6f6;border-left-width:3px;border-left-color:var(--primary_color);border-style:solid;\"><div class=\"reading-box-description\"><br \/>\n<\/div><div class=\"reading-box-additional\">\n<p style=\"text-align: center;\">In der atemberaubenden, mediterranen Kulisse des Gardasees erstellen wir f\u00fcr Sie in einzigartiger Panoramalage ein exklusives Refugium, das moderne Architektur und Stielelemente in Naturstein, Holz und Glas vollendet kombiniert und in die Landschaft einbettet. Der ganzt\u00e4gige Sonneneinfall in Verbindung mit einem unbeschreiblichen See- und Bergblick schaffen eine unvergleichliche Atmosph\u00e4re aus Licht und Leichtigkeit. Exklusivit\u00e4t, beeindruckendes Design, h\u00f6chster Komfort und hochwertige Qualit\u00e4t finden hier die perfekte Symbiose.<\/p>\n<p style=\"text-align: center;\">Die modern gestaltete Villa bietet gro\u00dfz\u00fcgig aufgeteilte Wohn- und Schlafbereiche. Neben einem geschmackvoll inszenierten gro\u00dfen Wohn- Essbereich mit Galerie, verf\u00fcgt die Villa \u00fcber 3 gro\u00dfz\u00fcgige Schlafzimmer und drei hochwertige B\u00e4der.<\/p>\n<p style=\"text-align: center;\">Egal in welchen R\u00e4umlichkeiten Sie sich aufhalten, Sie genie\u00dfen stets den unvergleichlichen Ausblick auf See und Berge! Der 20 m\u00b2 gro\u00dfe Pool l\u00e4sst Sie Raum und Zeit vergessen &#8211; Berge, See und Himmel verschmelzen beim Sonnenuntergang zu einem unbeschreiblichen Erlebnis.<\/p>\n<p style=\"text-align: center;\">Leben Sie Ihren Traum \u2013 enjoy your life!<\/p>\n<\/div><div class=\"fusion-clearfix\"><\/div><\/div><\/div><div class=\"fusion-sep-clear\"><\/div><div class=\"fusion-separator fusion-has-icon fusion-full-width-sep\" style=\"margin-left: auto;margin-right: auto;margin-top:3%;margin-bottom:3%;width:100%;\"><\/div><div class=\"fusion-sep-clear\"><\/div><div class=\"fusion-clearfix\"><\/div><\/div><\/div><div class=\"fusion-layout-column fusion_builder_column fusion-builder-column-2 fusion_builder_column_1_1 1_1 fusion-one-full fusion-column-first fusion-column-last\" style=\"margin-top:0px;margin-bottom:20px;\"><div class=\"fusion-column-wrapper fusion-flex-column-wrapper-legacy\" style=\"background-position:left top;background-repeat:no-repeat;-webkit-background-size:cover;-moz-background-size:cover;-o-background-size:cover;background-size:cover;padding: 0px 0px 0px 0px;\"><span class=\" fusion-imageframe imageframe-glow imageframe-1 hover-type-zoomin\" style=\"-webkit-box-shadow: 0 0 3px rgba(0,0,0,0.3);box-shadow: 0 0 3px rgba(0,0,0,0.3);\"><a href=\"http:\/\/www.brainwell-projects.de\/wp-content\/uploads\/2017\/08\/Rendering-Mezzema-Pool-vista_piscina_2-e1514323873960.jpg\" class=\"fusion-lightbox\" data-rel=\"iLightbox[84cd010395912459493]\" data-title=\"Rendering Mezzema Pool vista_piscina_2\" title=\"Rendering Mezzema Pool vista_piscina_2\"><img width=\"1900\" height=\"1070\" src=\"http:\/\/www.brainwell-projects.de\/wp-content\/uploads\/2017\/08\/Rendering-Mezzema-Pool-vista_piscina_2-e1514323873960.jpg\" class=\"img-responsive wp-image-1444\"\/><\/a><\/span><div class=\"fusion-clearfix\"><\/div><\/div><\/div><div class=\"fusion-layout-column fusion_builder_column fusion-builder-column-3 fusion_builder_column_1_2 1_2 fusion-one-half fusion-column-first\" style=\"width:50%;width:calc(50% - ( ( 4% ) * 0.5 ) );margin-right: 4%;margin-top:0px;margin-bottom:20px;\"><div class=\"fusion-column-wrapper fusion-flex-column-wrapper-legacy\" style=\"background-position:left top;background-repeat:no-repeat;-webkit-background-size:cover;-moz-background-size:cover;-o-background-size:cover;background-size:cover;padding: 0px 0px 0px 0px;\"><span class=\" fusion-imageframe imageframe-glow imageframe-2 hover-type-zoomin\" style=\"-webkit-box-shadow: 0 0 3px rgba(0,0,0,0.3);box-shadow: 0 0 3px rgba(0,0,0,0.3);\"><a href=\"http:\/\/www.brainwell-projects.de\/wp-content\/uploads\/2017\/12\/Rendering-Mezzema-\u00dcbersicht-Vista_aerea_06256_3540x2360.jpg\" class=\"fusion-lightbox\" data-rel=\"iLightbox[a749211fb72de0bc15c]\" data-title=\"Rendering Mezzema \u00dcbersicht Vista_aerea_06256_3540x2360\" title=\"Rendering Mezzema \u00dcbersicht Vista_aerea_06256_3540x2360\"><img width=\"3540\" height=\"2360\" src=\"http:\/\/www.brainwell-projects.de\/wp-content\/uploads\/2017\/12\/Rendering-Mezzema-\u00dcbersicht-Vista_aerea_06256_3540x2360.jpg\" class=\"img-responsive wp-image-1454\" srcset=\"http:\/\/www.brain-well-rs.de\/wp-content\/uploads\/2017\/12\/Rendering-Mezzema-\u00dcbersicht-Vista_aerea_06256_3540x2360-200x133.jpg 200w, http:\/\/www.brain-well-rs.de\/wp-content\/uploads\/2017\/12\/Rendering-Mezzema-\u00dcbersicht-Vista_aerea_06256_3540x2360-400x267.jpg 400w, http:\/\/www.brain-well-rs.de\/wp-content\/uploads\/2017\/12\/Rendering-Mezzema-\u00dcbersicht-Vista_aerea_06256_3540x2360-600x400.jpg 600w, http:\/\/www.brain-well-rs.de\/wp-content\/uploads\/2017\/12\/Rendering-Mezzema-\u00dcbersicht-Vista_aerea_06256_3540x2360-800x533.jpg 800w, http:\/\/www.brain-well-rs.de\/wp-content\/uploads\/2017\/12\/Rendering-Mezzema-\u00dcbersicht-Vista_aerea_06256_3540x2360-1200x800.jpg 1200w, http:\/\/www.brain-well-rs.de\/wp-content\/uploads\/2017\/12\/Rendering-Mezzema-\u00dcbersicht-Vista_aerea_06256_3540x2360.jpg 3540w\" sizes=\"(max-width: 800px) 100vw, 600px\" \/><\/a><\/span><div class=\"fusion-clearfix\"><\/div><\/div><\/div><div class=\"fusion-layout-column fusion_builder_column fusion-builder-column-4 fusion_builder_column_1_2 1_2 fusion-one-half fusion-column-last\" style=\"width:50%;width:calc(50% - ( ( 4% ) * 0.5 ) );margin-top:0px;margin-bottom:20px;\"><div class=\"fusion-column-wrapper fusion-flex-column-wrapper-legacy\" style=\"background-position:left top;background-repeat:no-repeat;-webkit-background-size:cover;-moz-background-size:cover;-o-background-size:cover;background-size:cover;padding: 0px 0px 0px 0px;\"><div class=\"imageframe-align-center\"><span class=\" fusion-imageframe imageframe-glow imageframe-3 hover-type-zoomin\" style=\"-webkit-box-shadow: 0 0 3px rgba(0,0,0,0.3);box-shadow: 0 0 3px rgba(0,0,0,0.3);\"><a href=\"http:\/\/www.brainwell-projects.de\/wp-content\/uploads\/2017\/12\/Rendering-Mezzema-seitlilich-Vista_terra_3540x2363.jpg\" class=\"fusion-lightbox\" data-rel=\"iLightbox[4f9c2b1d8e1d1a80154]\" data-title=\"Rendering Mezzema seitlilich Vista_terra_3540x2363\" title=\"Rendering Mezzema seitlilich Vista_terra_3540x2363\"><img width=\"3540\" height=\"2360\" src=\"http:\/\/www.brainwell-projects.de\/wp-content\/uploads\/2017\/12\/Rendering-Mezzema-seitlilich-Vista_terra_3540x2363.jpg\" class=\"img-responsive wp-image-1453\" srcset=\"http:\/\/www.brain-well-rs.de\/wp-content\/uploads\/2017\/12\/Rendering-Mezzema-seitlilich-Vista_terra_3540x2363-200x133.jpg 200w, http:\/\/www.brain-well-rs.de\/wp-content\/uploads\/2017\/12\/Rendering-Mezzema-seitlilich-Vista_terra_3540x2363-400x267.jpg 400w, http:\/\/www.brain-well-rs.de\/wp-content\/uploads\/2017\/12\/Rendering-Mezzema-seitlilich-Vista_terra_3540x2363-600x400.jpg 600w, http:\/\/www.brain-well-rs.de\/wp-content\/uploads\/2017\/12\/Rendering-Mezzema-seitlilich-Vista_terra_3540x2363-800x533.jpg 800w, http:\/\/www.brain-well-rs.de\/wp-content\/uploads\/2017\/12\/Rendering-Mezzema-seitlilich-Vista_terra_3540x2363-1200x800.jpg 1200w, http:\/\/www.brain-well-rs.de\/wp-content\/uploads\/2017\/12\/Rendering-Mezzema-seitlilich-Vista_terra_3540x2363.jpg 3540w\" sizes=\"(max-width: 800px) 100vw, 600px\" \/><\/a><\/span><\/div><div class=\"fusion-clearfix\"><\/div><\/div><\/div><div class=\"fusion-layout-column fusion_builder_column fusion-builder-column-5 fusion_builder_column_1_1 1_1 fusion-one-full fusion-column-first fusion-column-last\" style=\"margin-top:0px;margin-bottom:20px;\"><div class=\"fusion-column-wrapper fusion-flex-column-wrapper-legacy\" style=\"background-position:left top;background-repeat:no-repeat;-webkit-background-size:cover;-moz-background-size:cover;-o-background-size:cover;background-size:cover;padding: 0px 0px 0px 0px;\"><span class=\" fusion-imageframe imageframe-glow imageframe-4 hover-type-zoomin\" style=\"-webkit-box-shadow: 0 0 3px rgba(0,0,0,0.3);box-shadow: 0 0 3px rgba(0,0,0,0.3);\"><a href=\"http:\/\/www.brainwell-projects.de\/wp-content\/uploads\/2017\/08\/Mezzema-Rendering-Wohnzimmer-Vista_living-e1514323757843.jpg\" class=\"fusion-lightbox\" data-rel=\"iLightbox[0bee48dfe2cc32b653a]\" data-title=\"Mezzema Rendering Wohnzimmer Vista_living\" title=\"Mezzema Rendering Wohnzimmer Vista_living\"><img width=\"1900\" height=\"1267\" src=\"http:\/\/www.brainwell-projects.de\/wp-content\/uploads\/2017\/08\/Mezzema-Rendering-Wohnzimmer-Vista_living-e1514323757843.jpg\" class=\"img-responsive wp-image-1443\"\/><\/a><\/span><div class=\"fusion-clearfix\"><\/div><\/div><\/div><div class=\"fusion-layout-column fusion_builder_column fusion-builder-column-6 fusion_builder_column_1_1 1_1 fusion-one-full fusion-column-first fusion-column-last\" style=\"margin-top:0px;margin-bottom:20px;\"><div class=\"fusion-column-wrapper fusion-flex-column-wrapper-legacy\" style=\"background-position:left top;background-repeat:no-repeat;-webkit-background-size:cover;-moz-background-size:cover;-o-background-size:cover;background-size:cover;padding: 0px 0px 0px 0px;\"><div class=\"fusion-sep-clear\"><\/div><div class=\"fusion-separator fusion-has-icon fusion-full-width-sep\" style=\"margin-left: auto;margin-right: auto;margin-top:3%;margin-bottom:3%;width:100%;\"><\/div><div class=\"fusion-sep-clear\"><\/div><div class=\"fusion-aligncenter\"><a class=\"fusion-button button-flat fusion-button-default-size button-darkgray button-1 fusion-button-default-span fusion-button-default-type\" target=\"_blank\" rel=\"noopener noreferrer\" href=\"http:\/\/www.brainwell-projects.de\/index.php\/mezzema\/brochure\/\"><span class=\"fusion-button-text\">Projektdetails zum Download<\/span><\/a><\/div><div class=\"fusion-sep-clear\"><\/div><div class=\"fusion-separator fusion-has-icon fusion-full-width-sep\" style=\"margin-left: auto;margin-right: auto;margin-top:3%;margin-bottom:3%;width:100%;\"><\/div><div class=\"fusion-sep-clear\"><\/div><div class=\"fusion-clearfix\"><\/div><\/div><\/div><\/div><\/div><div class=\"fusion-fullwidth fullwidth-box fusion-builder-row-2 nonhundred-percent-fullwidth non-hundred-percent-height-scrolling\" style=\"background-color: rgba(255,255,255,0);background-position: center center;background-repeat: no-repeat;padding-top:0px;padding-right:0px;padding-bottom:0px;padding-left:0px;margin-bottom: 0px;margin-top: 0px;border-width: 0px 0px 0px 0px;border-color:#eae9e9;border-style:solid;\" ><div class=\"fusion-builder-row fusion-row\"><div class=\"fusion-layout-column fusion_builder_column fusion-builder-column-7 fusion_builder_column_1_2 1_2 fusion-one-half fusion-column-first\" style=\"width:50%;width:calc(50% - ( ( 4% ) * 0.5 ) );margin-right: 4%;margin-top:0px;margin-bottom:20px;\"><div class=\"fusion-column-wrapper fusion-flex-column-wrapper-legacy\" style=\"background-position:left top;background-repeat:no-repeat;-webkit-background-size:cover;-moz-background-size:cover;-o-background-size:cover;background-size:cover;padding: 0px 0px 0px 0px;\"><span class=\" fusion-imageframe imageframe-glow imageframe-5 hover-type-zoomin\" style=\"-webkit-box-shadow: 0 0 3px rgba(0,0,0,0.3);box-shadow: 0 0 3px rgba(0,0,0,0.3);\"><a href=\"http:\/\/www.brainwell-projects.de\/wp-content\/uploads\/2017\/08\/Mezzema-4.jpg\" class=\"fusion-lightbox\" data-rel=\"iLightbox[bc8643623f5869fbba5]\" data-title=\"Mezzema 4\" title=\"Mezzema 4\"><img width=\"1093\" height=\"1093\" src=\"http:\/\/www.brainwell-projects.de\/wp-content\/uploads\/2017\/08\/Mezzema-4.jpg\" class=\"img-responsive wp-image-1373\" srcset=\"http:\/\/www.brain-well-rs.de\/wp-content\/uploads\/2017\/08\/Mezzema-4-200x200.jpg 200w, http:\/\/www.brain-well-rs.de\/wp-content\/uploads\/2017\/08\/Mezzema-4-400x400.jpg 400w, http:\/\/www.brain-well-rs.de\/wp-content\/uploads\/2017\/08\/Mezzema-4-600x600.jpg 600w, http:\/\/www.brain-well-rs.de\/wp-content\/uploads\/2017\/08\/Mezzema-4-800x800.jpg 800w, http:\/\/www.brain-well-rs.de\/wp-content\/uploads\/2017\/08\/Mezzema-4.jpg 1093w\" sizes=\"(max-width: 800px) 100vw, 600px\" \/><\/a><\/span><div class=\"fusion-clearfix\"><\/div><\/div><\/div><div class=\"fusion-layout-column fusion_builder_column fusion-builder-column-8 fusion_builder_column_1_2 1_2 fusion-one-half fusion-column-last\" style=\"width:50%;width:calc(50% - ( ( 4% ) * 0.5 ) );margin-top:0px;margin-bottom:20px;\"><div class=\"fusion-column-wrapper fusion-flex-column-wrapper-legacy\" style=\"background-position:left top;background-repeat:no-repeat;-webkit-background-size:cover;-moz-background-size:cover;-o-background-size:cover;background-size:cover;padding: 0px 0px 0px 0px;\"><span class=\" fusion-imageframe imageframe-glow imageframe-6 hover-type-zoomin\" style=\"-webkit-box-shadow: 0 0 3px rgba(0,0,0,0.3);box-shadow: 0 0 3px rgba(0,0,0,0.3);\"><a href=\"http:\/\/www.brainwell-projects.de\/wp-content\/uploads\/2017\/08\/Mezzema-6.jpg\" class=\"fusion-lightbox\" data-rel=\"iLightbox[99d2ae8779dc46e68a5]\" data-title=\"Mezzema 6\" title=\"Mezzema 6\"><img width=\"1093\" height=\"1093\" src=\"http:\/\/www.brainwell-projects.de\/wp-content\/uploads\/2017\/08\/Mezzema-6.jpg\" class=\"img-responsive wp-image-1375\" srcset=\"http:\/\/www.brain-well-rs.de\/wp-content\/uploads\/2017\/08\/Mezzema-6-200x200.jpg 200w, http:\/\/www.brain-well-rs.de\/wp-content\/uploads\/2017\/08\/Mezzema-6-400x400.jpg 400w, http:\/\/www.brain-well-rs.de\/wp-content\/uploads\/2017\/08\/Mezzema-6-600x600.jpg 600w, http:\/\/www.brain-well-rs.de\/wp-content\/uploads\/2017\/08\/Mezzema-6-800x800.jpg 800w, http:\/\/www.brain-well-rs.de\/wp-content\/uploads\/2017\/08\/Mezzema-6.jpg 1093w\" sizes=\"(max-width: 800px) 100vw, 600px\" \/><\/a><\/span><div class=\"fusion-clearfix\"><\/div><\/div><\/div><\/div><\/div><\/p>\n","protected":false},"excerpt":{"rendered":"","protected":false},"author":1,"featured_media":0,"parent":0,"menu_order":0,"comment_status":"closed","ping_status":"closed","template":"","meta":[],"_links":{"self":[{"href":"http:\/\/www.brain-well-rs.de\/index.php\/wp-json\/wp\/v2\/pages\/1366"}],"collection":[{"href":"http:\/\/www.brain-well-rs.de\/index.php\/wp-json\/wp\/v2\/pages"}],"about":[{"href":"http:\/\/www.brain-well-rs.de\/index.php\/wp-json\/wp\/v2\/types\/page"}],"author":[{"embeddable":true,"href":"http:\/\/www.brain-well-rs.de\/index.php\/wp-json\/wp\/v2\/users\/1"}],"replies":[{"embeddable":true,"href":"http:\/\/www.brain-well-rs.de\/index.php\/wp-json\/wp\/v2\/comments?post=1366"}],"version-history":[{"count":28,"href":"http:\/\/www.brain-well-rs.de\/index.php\/wp-json\/wp\/v2\/pages\/1366\/revisions"}],"predecessor-version":[{"id":1732,"href":"http:\/\/www.brain-well-rs.de\/index.php\/wp-json\/wp\/v2\/pages\/1366\/revisions\/1732"}],"wp:attachment":[{"href":"http:\/\/www.brain-well-rs.de\/index.php\/wp-json\/wp\/v2\/media?parent=1366"}],"curies":[{"name":"wp","href":"https:\/\/api.w.org\/{rel}","templated":true}]}}