{"id":1738,"date":"2024-07-22T23:25:27","date_gmt":"2024-07-22T21:25:27","guid":{"rendered":"http:\/\/www.brain-well-rs.de\/?page_id=1738"},"modified":"2024-07-30T20:14:13","modified_gmt":"2024-07-30T18:14:13","slug":"services","status":"publish","type":"page","link":"http:\/\/www.brain-well-rs.de\/index.php\/services\/","title":{"rendered":"Services"},"content":{"rendered":"<p><strong>Professionelles Management und Renditesteigerung ihrer Ferienimmobilie\/n<\/strong><\/p>\n<p>&nbsp;<\/p>\n<p><strong>Real Estate Services Vermietung:<\/strong><\/p>\n<ul>\n<li>Kreative und einfache Aufwertung ihrer Immobilie<\/li>\n<li>Stageing<\/li>\n<li>Vermietungsservice ( Inc. Marketing, Hausmeister, Unterlagenaufbereitung Beh\u00f6rden, Vorbereitung Steueruntelagen)<\/li>\n<li>Renovierung und Umbau<\/li>\n<\/ul>\n<p>&nbsp;<\/p>\n<p><strong>Real Estate Services Verkauf:<\/strong><\/p>\n<ul>\n<li>Begutachtung und Ankauf ihrer Immobilie<\/li>\n<li>Kreative Aufwertung ihrer Immobilie um den bestm\u00f6glichen Verkaufspreis zu erhalten<\/li>\n<li>Renovierung und Umbau sowie ggfs. Erweiterungsplanung<\/li>\n<li>Stageing<\/li>\n<li>Vorbereitung und Begleitung der Notartermine<\/li>\n<\/ul>\n<p>&nbsp;<\/p>\n<p><strong>Real Estate Beteiligungsm\u00f6glichkeiten: <\/strong><\/p>\n<ul>\n<li>Wohnungen und Villen<\/li>\n<li>Hotel<\/li>\n<li>Altersgerechtes Wohnen am Gardasee<\/li>\n<\/ul>\n<p>Egal ob sie ein <strong>sicheres<\/strong> und <strong>renditestarkes Investment<\/strong> suchen, oder ob sie ihre <strong>Ferienimmobilie verkaufen<\/strong> m\u00f6chten oder diese nur aufwerten m\u00f6chten, um ein <strong>zus\u00e4tzliches Einkommen<\/strong> aus der Vermietung zu erzielen; <strong>wir bieten Ihnen Alles aus einer Hand. <\/strong><strong>\u00a0<\/strong><\/p>\n<p><strong>Wir \u00a0freuen uns von Ihnen zu h\u00f6ren! Bitte z\u00f6gern Sie nicht, uns bei Fragen oder Anliegen zu kontaktieren. Wir stehen Ihnen jederzeit gerne zur Verf\u00fcgung.<\/strong><\/p>\n","protected":false},"excerpt":{"rendered":"<p>Professionelles Management und Renditesteigerung ihrer Ferienimmobilie\/n &nbsp; Real Estate Services Vermietung: Kreative und einfache Aufwertung ihrer Immobilie Stageing Vermietungsservice ( Inc. Marketing, Hausmeister, Unterlagenaufbereitung Beh\u00f6rden, Vorbereitung Steueruntelagen) Renovierung und Umbau &nbsp; Real Estate Services Verkauf: Begutachtung und Ankauf ihrer Immobilie Kreative Aufwertung ihrer Immobilie um den bestm\u00f6glichen Verkaufspreis zu erhalten Renovierung und Umbau sowie ggfs. [&hellip;]<\/p>\n","protected":false},"author":1,"featured_media":0,"parent":0,"menu_order":0,"comment_status":"closed","ping_status":"closed","template":"","meta":[],"_links":{"self":[{"href":"http:\/\/www.brain-well-rs.de\/index.php\/wp-json\/wp\/v2\/pages\/1738"}],"collection":[{"href":"http:\/\/www.brain-well-rs.de\/index.php\/wp-json\/wp\/v2\/pages"}],"about":[{"href":"http:\/\/www.brain-well-rs.de\/index.php\/wp-json\/wp\/v2\/types\/page"}],"author":[{"embeddable":true,"href":"http:\/\/www.brain-well-rs.de\/index.php\/wp-json\/wp\/v2\/users\/1"}],"replies":[{"embeddable":true,"href":"http:\/\/www.brain-well-rs.de\/index.php\/wp-json\/wp\/v2\/comments?post=1738"}],"version-history":[{"count":3,"href":"http:\/\/www.brain-well-rs.de\/index.php\/wp-json\/wp\/v2\/pages\/1738\/revisions"}],"predecessor-version":[{"id":1742,"href":"http:\/\/www.brain-well-rs.de\/index.php\/wp-json\/wp\/v2\/pages\/1738\/revisions\/1742"}],"wp:attachment":[{"href":"http:\/\/www.brain-well-rs.de\/index.php\/wp-json\/wp\/v2\/media?parent=1738"}],"curies":[{"name":"wp","href":"https:\/\/api.w.org\/{rel}","templated":true}]}}